{"id":13,"date":"2024-07-11T16:57:56","date_gmt":"2024-07-11T16:57:56","guid":{"rendered":"https:\/\/feierwelle.de\/galerie\/"},"modified":"2024-08-13T13:14:18","modified_gmt":"2024-08-13T13:14:18","slug":"galerie","status":"publish","type":"page","link":"https:\/\/feierwelle.de\/?page_id=13","title":{"rendered":"Galerie"},"content":{"rendered":"\n<div class=\"wp-block-group alignfull has-background-background-color has-background has-global-padding is-layout-constrained wp-block-group-is-layout-constrained\" style=\"margin-top:0;margin-bottom:0;padding-top:0\">\n<div class=\"wp-block-cover alignfull\" style=\"padding-top:0;padding-right:var(--wp--preset--spacing--30);padding-bottom:0;padding-left:var(--wp--preset--spacing--30);min-height:50px;aspect-ratio:unset;\"><span aria-hidden=\"true\" class=\"wp-block-cover__background has-black-background-color has-background-dim-60 has-background-dim\"><\/span><img fetchpriority=\"high\" decoding=\"async\" width=\"2560\" height=\"1707\" class=\"wp-block-cover__image-background wp-image-265\" alt=\"\" src=\"https:\/\/feierwelle.de\/wp-content\/uploads\/2024\/08\/Blick-auf-Location-uebers-Wasser-quer-scaled.jpg\" style=\"object-position:48% 51%\" data-object-fit=\"cover\" data-object-position=\"48% 51%\" srcset=\"https:\/\/feierwelle.de\/wp-content\/uploads\/2024\/08\/Blick-auf-Location-uebers-Wasser-quer-scaled.jpg 2560w, https:\/\/feierwelle.de\/wp-content\/uploads\/2024\/08\/Blick-auf-Location-uebers-Wasser-quer-300x200.jpg 300w, https:\/\/feierwelle.de\/wp-content\/uploads\/2024\/08\/Blick-auf-Location-uebers-Wasser-quer-1024x683.jpg 1024w, https:\/\/feierwelle.de\/wp-content\/uploads\/2024\/08\/Blick-auf-Location-uebers-Wasser-quer-768x512.jpg 768w, https:\/\/feierwelle.de\/wp-content\/uploads\/2024\/08\/Blick-auf-Location-uebers-Wasser-quer-1536x1024.jpg 1536w, https:\/\/feierwelle.de\/wp-content\/uploads\/2024\/08\/Blick-auf-Location-uebers-Wasser-quer-2048x1365.jpg 2048w\" sizes=\"(max-width: 2560px) 100vw, 2560px\" \/><div class=\"wp-block-cover__inner-container is-layout-flow wp-block-cover-is-layout-flow\">\n<div class=\"wp-block-group has-global-padding is-layout-constrained wp-block-group-is-layout-constrained\" style=\"padding-top:var(--wp--preset--spacing--60);padding-bottom:var(--wp--preset--spacing--60)\">\n<h1 class=\"wp-block-heading alignwide has-text-align-left has-text-color has-x-large-font-size\" style=\"color:#fffffffc\">Charmante R\u00e4umlichkeiten f\u00fcr Geburstage, Hochzeiten und Feiern aller Art<\/h1>\n<\/div>\n<\/div><\/div>\n<\/div>\n\n\n\n<div class=\"wp-block-group alignfull has-background-background-color has-background has-global-padding is-layout-constrained wp-container-core-group-is-layout-a5842943 wp-block-group-is-layout-constrained\" style=\"padding-top:var(--wp--preset--spacing--60);padding-right:var(--wp--preset--spacing--30);padding-bottom:var(--wp--preset--spacing--60);padding-left:var(--wp--preset--spacing--30)\">\n<div class=\"wp-block-columns alignwide is-layout-flex wp-container-core-columns-is-layout-9a28e8a1 wp-block-columns-is-layout-flex\">\n<div class=\"wp-block-column is-layout-flow wp-container-core-column-is-layout-ef883af5 wp-block-column-is-layout-flow\">\n<figure data-wp-context=\"{&quot;imageId&quot;:&quot;69e66c8049522&quot;}\" data-wp-interactive=\"core\/image\" data-wp-key=\"69e66c8049522\" class=\"wp-block-image size-large wp-lightbox-container\"><img decoding=\"async\" width=\"1024\" height=\"683\" data-wp-class--hide=\"state.isContentHidden\" data-wp-class--show=\"state.isContentVisible\" data-wp-init=\"callbacks.setButtonStyles\" data-wp-on--click=\"actions.showLightbox\" data-wp-on--load=\"callbacks.setButtonStyles\" data-wp-on-window--resize=\"callbacks.setButtonStyles\" src=\"https:\/\/feierwelle.de\/wp-content\/uploads\/2024\/08\/Tisch-Blick-Schwimmhalle-quer-klein-1-1-1024x683.jpg\" alt=\"\" class=\"wp-image-290\" style=\"aspect-ratio:1;object-fit:cover\" srcset=\"https:\/\/feierwelle.de\/wp-content\/uploads\/2024\/08\/Tisch-Blick-Schwimmhalle-quer-klein-1-1-1024x683.jpg 1024w, https:\/\/feierwelle.de\/wp-content\/uploads\/2024\/08\/Tisch-Blick-Schwimmhalle-quer-klein-1-1-300x200.jpg 300w, https:\/\/feierwelle.de\/wp-content\/uploads\/2024\/08\/Tisch-Blick-Schwimmhalle-quer-klein-1-1-768x512.jpg 768w, https:\/\/feierwelle.de\/wp-content\/uploads\/2024\/08\/Tisch-Blick-Schwimmhalle-quer-klein-1-1-1536x1024.jpg 1536w, https:\/\/feierwelle.de\/wp-content\/uploads\/2024\/08\/Tisch-Blick-Schwimmhalle-quer-klein-1-1-2048x1365.jpg 2048w\" sizes=\"(max-width: 1024px) 100vw, 1024px\" \/><button\n\t\t\tclass=\"lightbox-trigger\"\n\t\t\ttype=\"button\"\n\t\t\taria-haspopup=\"dialog\"\n\t\t\taria-label=\"Vergr\u00f6\u00dfern\"\n\t\t\tdata-wp-init=\"callbacks.initTriggerButton\"\n\t\t\tdata-wp-on--click=\"actions.showLightbox\"\n\t\t\tdata-wp-style--right=\"state.imageButtonRight\"\n\t\t\tdata-wp-style--top=\"state.imageButtonTop\"\n\t\t>\n\t\t\t<svg xmlns=\"http:\/\/www.w3.org\/2000\/svg\" width=\"12\" height=\"12\" fill=\"none\" viewBox=\"0 0 12 12\">\n\t\t\t\t<path fill=\"#fff\" d=\"M2 0a2 2 0 0 0-2 2v2h1.5V2a.5.5 0 0 1 .5-.5h2V0H2Zm2 10.5H2a.5.5 0 0 1-.5-.5V8H0v2a2 2 0 0 0 2 2h2v-1.5ZM8 12v-1.5h2a.5.5 0 0 0 .5-.5V8H12v2a2 2 0 0 1-2 2H8Zm2-12a2 2 0 0 1 2 2v2h-1.5V2a.5.5 0 0 0-.5-.5H8V0h2Z\" \/>\n\t\t\t<\/svg>\n\t\t<\/button><\/figure>\n\n\n\n<figure data-wp-context=\"{&quot;imageId&quot;:&quot;69e66c8049ad5&quot;}\" data-wp-interactive=\"core\/image\" data-wp-key=\"69e66c8049ad5\" class=\"wp-block-image size-large wp-lightbox-container\"><img decoding=\"async\" width=\"1024\" height=\"683\" data-wp-class--hide=\"state.isContentHidden\" data-wp-class--show=\"state.isContentVisible\" data-wp-init=\"callbacks.setButtonStyles\" data-wp-on--click=\"actions.showLightbox\" data-wp-on--load=\"callbacks.setButtonStyles\" data-wp-on-window--resize=\"callbacks.setButtonStyles\" src=\"https:\/\/feierwelle.de\/wp-content\/uploads\/2024\/08\/IMG_1812-1024x683.jpg\" alt=\"\" class=\"wp-image-293\" style=\"aspect-ratio:1;object-fit:cover\" srcset=\"https:\/\/feierwelle.de\/wp-content\/uploads\/2024\/08\/IMG_1812-1024x683.jpg 1024w, https:\/\/feierwelle.de\/wp-content\/uploads\/2024\/08\/IMG_1812-300x200.jpg 300w, https:\/\/feierwelle.de\/wp-content\/uploads\/2024\/08\/IMG_1812-768x512.jpg 768w, https:\/\/feierwelle.de\/wp-content\/uploads\/2024\/08\/IMG_1812-1536x1024.jpg 1536w, https:\/\/feierwelle.de\/wp-content\/uploads\/2024\/08\/IMG_1812-2048x1365.jpg 2048w\" sizes=\"(max-width: 1024px) 100vw, 1024px\" \/><button\n\t\t\tclass=\"lightbox-trigger\"\n\t\t\ttype=\"button\"\n\t\t\taria-haspopup=\"dialog\"\n\t\t\taria-label=\"Vergr\u00f6\u00dfern\"\n\t\t\tdata-wp-init=\"callbacks.initTriggerButton\"\n\t\t\tdata-wp-on--click=\"actions.showLightbox\"\n\t\t\tdata-wp-style--right=\"state.imageButtonRight\"\n\t\t\tdata-wp-style--top=\"state.imageButtonTop\"\n\t\t>\n\t\t\t<svg xmlns=\"http:\/\/www.w3.org\/2000\/svg\" width=\"12\" height=\"12\" fill=\"none\" viewBox=\"0 0 12 12\">\n\t\t\t\t<path fill=\"#fff\" d=\"M2 0a2 2 0 0 0-2 2v2h1.5V2a.5.5 0 0 1 .5-.5h2V0H2Zm2 10.5H2a.5.5 0 0 1-.5-.5V8H0v2a2 2 0 0 0 2 2h2v-1.5ZM8 12v-1.5h2a.5.5 0 0 0 .5-.5V8H12v2a2 2 0 0 1-2 2H8Zm2-12a2 2 0 0 1 2 2v2h-1.5V2a.5.5 0 0 0-.5-.5H8V0h2Z\" \/>\n\t\t\t<\/svg>\n\t\t<\/button><\/figure>\n<\/div>\n\n\n\n<div class=\"wp-block-column is-layout-flow wp-container-core-column-is-layout-1e95b777 wp-block-column-is-layout-flow\" style=\"padding-top:var(--wp--preset--spacing--40)\">\n<figure data-wp-context=\"{&quot;imageId&quot;:&quot;69e66c804a018&quot;}\" data-wp-interactive=\"core\/image\" data-wp-key=\"69e66c804a018\" class=\"wp-block-image size-full wp-lightbox-container\"><img loading=\"lazy\" decoding=\"async\" width=\"800\" height=\"600\" data-wp-class--hide=\"state.isContentHidden\" data-wp-class--show=\"state.isContentVisible\" data-wp-init=\"callbacks.setButtonStyles\" data-wp-on--click=\"actions.showLightbox\" data-wp-on--load=\"callbacks.setButtonStyles\" data-wp-on-window--resize=\"callbacks.setButtonStyles\" src=\"https:\/\/feierwelle.de\/wp-content\/uploads\/2024\/08\/Tisch-auf-Wasser-hell-quer.jpg\" alt=\"\" class=\"wp-image-291\" style=\"aspect-ratio:1;object-fit:cover\" srcset=\"https:\/\/feierwelle.de\/wp-content\/uploads\/2024\/08\/Tisch-auf-Wasser-hell-quer.jpg 800w, https:\/\/feierwelle.de\/wp-content\/uploads\/2024\/08\/Tisch-auf-Wasser-hell-quer-300x225.jpg 300w, https:\/\/feierwelle.de\/wp-content\/uploads\/2024\/08\/Tisch-auf-Wasser-hell-quer-768x576.jpg 768w\" sizes=\"(max-width: 800px) 100vw, 800px\" \/><button\n\t\t\tclass=\"lightbox-trigger\"\n\t\t\ttype=\"button\"\n\t\t\taria-haspopup=\"dialog\"\n\t\t\taria-label=\"Vergr\u00f6\u00dfern\"\n\t\t\tdata-wp-init=\"callbacks.initTriggerButton\"\n\t\t\tdata-wp-on--click=\"actions.showLightbox\"\n\t\t\tdata-wp-style--right=\"state.imageButtonRight\"\n\t\t\tdata-wp-style--top=\"state.imageButtonTop\"\n\t\t>\n\t\t\t<svg xmlns=\"http:\/\/www.w3.org\/2000\/svg\" width=\"12\" height=\"12\" fill=\"none\" viewBox=\"0 0 12 12\">\n\t\t\t\t<path fill=\"#fff\" d=\"M2 0a2 2 0 0 0-2 2v2h1.5V2a.5.5 0 0 1 .5-.5h2V0H2Zm2 10.5H2a.5.5 0 0 1-.5-.5V8H0v2a2 2 0 0 0 2 2h2v-1.5ZM8 12v-1.5h2a.5.5 0 0 0 .5-.5V8H12v2a2 2 0 0 1-2 2H8Zm2-12a2 2 0 0 1 2 2v2h-1.5V2a.5.5 0 0 0-.5-.5H8V0h2Z\" \/>\n\t\t\t<\/svg>\n\t\t<\/button><\/figure>\n\n\n\n<figure data-wp-context=\"{&quot;imageId&quot;:&quot;69e66c804a452&quot;}\" data-wp-interactive=\"core\/image\" data-wp-key=\"69e66c804a452\" class=\"wp-block-image size-large wp-lightbox-container\"><img loading=\"lazy\" decoding=\"async\" width=\"1024\" height=\"683\" data-wp-class--hide=\"state.isContentHidden\" data-wp-class--show=\"state.isContentVisible\" data-wp-init=\"callbacks.setButtonStyles\" data-wp-on--click=\"actions.showLightbox\" data-wp-on--load=\"callbacks.setButtonStyles\" data-wp-on-window--resize=\"callbacks.setButtonStyles\" src=\"https:\/\/feierwelle.de\/wp-content\/uploads\/2024\/08\/IMG_1769-1024x683.jpg\" alt=\"\" class=\"wp-image-294\" style=\"aspect-ratio:1;object-fit:cover\" srcset=\"https:\/\/feierwelle.de\/wp-content\/uploads\/2024\/08\/IMG_1769-1024x683.jpg 1024w, https:\/\/feierwelle.de\/wp-content\/uploads\/2024\/08\/IMG_1769-300x200.jpg 300w, https:\/\/feierwelle.de\/wp-content\/uploads\/2024\/08\/IMG_1769-768x512.jpg 768w, https:\/\/feierwelle.de\/wp-content\/uploads\/2024\/08\/IMG_1769-1536x1024.jpg 1536w, https:\/\/feierwelle.de\/wp-content\/uploads\/2024\/08\/IMG_1769-2048x1365.jpg 2048w\" sizes=\"(max-width: 1024px) 100vw, 1024px\" \/><button\n\t\t\tclass=\"lightbox-trigger\"\n\t\t\ttype=\"button\"\n\t\t\taria-haspopup=\"dialog\"\n\t\t\taria-label=\"Vergr\u00f6\u00dfern\"\n\t\t\tdata-wp-init=\"callbacks.initTriggerButton\"\n\t\t\tdata-wp-on--click=\"actions.showLightbox\"\n\t\t\tdata-wp-style--right=\"state.imageButtonRight\"\n\t\t\tdata-wp-style--top=\"state.imageButtonTop\"\n\t\t>\n\t\t\t<svg xmlns=\"http:\/\/www.w3.org\/2000\/svg\" width=\"12\" height=\"12\" fill=\"none\" viewBox=\"0 0 12 12\">\n\t\t\t\t<path fill=\"#fff\" d=\"M2 0a2 2 0 0 0-2 2v2h1.5V2a.5.5 0 0 1 .5-.5h2V0H2Zm2 10.5H2a.5.5 0 0 1-.5-.5V8H0v2a2 2 0 0 0 2 2h2v-1.5ZM8 12v-1.5h2a.5.5 0 0 0 .5-.5V8H12v2a2 2 0 0 1-2 2H8Zm2-12a2 2 0 0 1 2 2v2h-1.5V2a.5.5 0 0 0-.5-.5H8V0h2Z\" \/>\n\t\t\t<\/svg>\n\t\t<\/button><\/figure>\n<\/div>\n\n\n\n<div class=\"wp-block-column is-layout-flow wp-container-core-column-is-layout-d584e304 wp-block-column-is-layout-flow\" style=\"padding-top:var(--wp--preset--spacing--60)\">\n<figure data-wp-context=\"{&quot;imageId&quot;:&quot;69e66c804a950&quot;}\" data-wp-interactive=\"core\/image\" data-wp-key=\"69e66c804a950\" class=\"wp-block-image size-large wp-lightbox-container\"><img loading=\"lazy\" decoding=\"async\" width=\"683\" height=\"1024\" data-wp-class--hide=\"state.isContentHidden\" data-wp-class--show=\"state.isContentVisible\" data-wp-init=\"callbacks.setButtonStyles\" data-wp-on--click=\"actions.showLightbox\" data-wp-on--load=\"callbacks.setButtonStyles\" data-wp-on-window--resize=\"callbacks.setButtonStyles\" src=\"https:\/\/feierwelle.de\/wp-content\/uploads\/2024\/08\/DJ-Licht-hoch-klein-683x1024.jpg\" alt=\"\" class=\"wp-image-292\" style=\"aspect-ratio:1;object-fit:cover\" srcset=\"https:\/\/feierwelle.de\/wp-content\/uploads\/2024\/08\/DJ-Licht-hoch-klein-683x1024.jpg 683w, https:\/\/feierwelle.de\/wp-content\/uploads\/2024\/08\/DJ-Licht-hoch-klein-200x300.jpg 200w, https:\/\/feierwelle.de\/wp-content\/uploads\/2024\/08\/DJ-Licht-hoch-klein-768x1152.jpg 768w, https:\/\/feierwelle.de\/wp-content\/uploads\/2024\/08\/DJ-Licht-hoch-klein-1024x1536.jpg 1024w, https:\/\/feierwelle.de\/wp-content\/uploads\/2024\/08\/DJ-Licht-hoch-klein-1365x2048.jpg 1365w, https:\/\/feierwelle.de\/wp-content\/uploads\/2024\/08\/DJ-Licht-hoch-klein-scaled.jpg 1707w\" sizes=\"(max-width: 683px) 100vw, 683px\" \/><button\n\t\t\tclass=\"lightbox-trigger\"\n\t\t\ttype=\"button\"\n\t\t\taria-haspopup=\"dialog\"\n\t\t\taria-label=\"Vergr\u00f6\u00dfern\"\n\t\t\tdata-wp-init=\"callbacks.initTriggerButton\"\n\t\t\tdata-wp-on--click=\"actions.showLightbox\"\n\t\t\tdata-wp-style--right=\"state.imageButtonRight\"\n\t\t\tdata-wp-style--top=\"state.imageButtonTop\"\n\t\t>\n\t\t\t<svg xmlns=\"http:\/\/www.w3.org\/2000\/svg\" width=\"12\" height=\"12\" fill=\"none\" viewBox=\"0 0 12 12\">\n\t\t\t\t<path fill=\"#fff\" d=\"M2 0a2 2 0 0 0-2 2v2h1.5V2a.5.5 0 0 1 .5-.5h2V0H2Zm2 10.5H2a.5.5 0 0 1-.5-.5V8H0v2a2 2 0 0 0 2 2h2v-1.5ZM8 12v-1.5h2a.5.5 0 0 0 .5-.5V8H12v2a2 2 0 0 1-2 2H8Zm2-12a2 2 0 0 1 2 2v2h-1.5V2a.5.5 0 0 0-.5-.5H8V0h2Z\" \/>\n\t\t\t<\/svg>\n\t\t<\/button><\/figure>\n\n\n\n<figure data-wp-context=\"{&quot;imageId&quot;:&quot;69e66c804ad64&quot;}\" data-wp-interactive=\"core\/image\" data-wp-key=\"69e66c804ad64\" class=\"wp-block-image size-large wp-lightbox-container\"><img loading=\"lazy\" decoding=\"async\" width=\"683\" height=\"1024\" data-wp-class--hide=\"state.isContentHidden\" data-wp-class--show=\"state.isContentVisible\" data-wp-init=\"callbacks.setButtonStyles\" data-wp-on--click=\"actions.showLightbox\" data-wp-on--load=\"callbacks.setButtonStyles\" data-wp-on-window--resize=\"callbacks.setButtonStyles\" src=\"https:\/\/feierwelle.de\/wp-content\/uploads\/2024\/08\/Blick-Tisch-gedeckt-hoch-klein-2-683x1024.jpg\" alt=\"\" class=\"wp-image-295\" style=\"aspect-ratio:1;object-fit:cover\" srcset=\"https:\/\/feierwelle.de\/wp-content\/uploads\/2024\/08\/Blick-Tisch-gedeckt-hoch-klein-2-683x1024.jpg 683w, https:\/\/feierwelle.de\/wp-content\/uploads\/2024\/08\/Blick-Tisch-gedeckt-hoch-klein-2-200x300.jpg 200w, https:\/\/feierwelle.de\/wp-content\/uploads\/2024\/08\/Blick-Tisch-gedeckt-hoch-klein-2-768x1152.jpg 768w, https:\/\/feierwelle.de\/wp-content\/uploads\/2024\/08\/Blick-Tisch-gedeckt-hoch-klein-2-1024x1536.jpg 1024w, https:\/\/feierwelle.de\/wp-content\/uploads\/2024\/08\/Blick-Tisch-gedeckt-hoch-klein-2-1365x2048.jpg 1365w, https:\/\/feierwelle.de\/wp-content\/uploads\/2024\/08\/Blick-Tisch-gedeckt-hoch-klein-2-scaled.jpg 1707w\" sizes=\"(max-width: 683px) 100vw, 683px\" \/><button\n\t\t\tclass=\"lightbox-trigger\"\n\t\t\ttype=\"button\"\n\t\t\taria-haspopup=\"dialog\"\n\t\t\taria-label=\"Vergr\u00f6\u00dfern\"\n\t\t\tdata-wp-init=\"callbacks.initTriggerButton\"\n\t\t\tdata-wp-on--click=\"actions.showLightbox\"\n\t\t\tdata-wp-style--right=\"state.imageButtonRight\"\n\t\t\tdata-wp-style--top=\"state.imageButtonTop\"\n\t\t>\n\t\t\t<svg xmlns=\"http:\/\/www.w3.org\/2000\/svg\" width=\"12\" height=\"12\" fill=\"none\" viewBox=\"0 0 12 12\">\n\t\t\t\t<path fill=\"#fff\" d=\"M2 0a2 2 0 0 0-2 2v2h1.5V2a.5.5 0 0 1 .5-.5h2V0H2Zm2 10.5H2a.5.5 0 0 1-.5-.5V8H0v2a2 2 0 0 0 2 2h2v-1.5ZM8 12v-1.5h2a.5.5 0 0 0 .5-.5V8H12v2a2 2 0 0 1-2 2H8Zm2-12a2 2 0 0 1 2 2v2h-1.5V2a.5.5 0 0 0-.5-.5H8V0h2Z\" \/>\n\t\t\t<\/svg>\n\t\t<\/button><\/figure>\n<\/div>\n<\/div>\n<\/div>\n\n\n\n<div class=\"wp-block-group alignfull has-background has-global-padding is-layout-constrained wp-container-core-group-is-layout-6d72b0c2 wp-block-group-is-layout-constrained\" style=\"background-color:#4db9e833;margin-top:0;margin-bottom:0;padding-top:var(--wp--preset--spacing--60);padding-right:var(--wp--preset--spacing--30);padding-bottom:var(--wp--preset--spacing--60);padding-left:var(--wp--preset--spacing--30)\">\n<p class=\"has-text-align-center has-large-font-size\" style=\"font-style:normal;font-weight:500;line-height:1.3\">Die Feierwelle begeistert mit erstklassigem Service und Paketen nach Ma\u00df.<\/p>\n\n\n\n<h4 class=\"wp-block-heading has-text-align-center\" style=\"margin-top:18px;font-size:clamp(14px, 0.875rem + ((1vw - 3.2px) * 0.417), 18px);\">Tim Wilms<\/h4>\n\n\n\n<p class=\"has-text-align-center has-small-font-size\" style=\"margin-top:4px\">Event Koordinator<\/p>\n<\/div>\n\n\n\n<div class=\"wp-block-group alignfull has-background-background-color has-background has-global-padding is-layout-constrained wp-container-core-group-is-layout-c03f3b2a wp-block-group-is-layout-constrained\" style=\"padding-top:var(--wp--preset--spacing--60);padding-right:var(--wp--preset--spacing--30);padding-bottom:var(--wp--preset--spacing--60);padding-left:var(--wp--preset--spacing--30)\">\n<div class=\"wp-block-media-text alignwide has-media-on-the-right is-stacked-on-mobile is-vertically-aligned-center is-image-fill\" style=\"padding-right:0;padding-left:0;grid-template-columns:auto 40%\"><div class=\"wp-block-media-text__content\">\n<div class=\"wp-block-group has-global-padding is-content-justification-left is-layout-constrained wp-container-core-group-is-layout-cdff7eec wp-block-group-is-layout-constrained\" style=\"padding-top:var(--wp--preset--spacing--30);padding-right:0;padding-bottom:var(--wp--preset--spacing--30);padding-left:0\">\n<h2 class=\"wp-block-heading has-large-font-size\">Die Feierwelle &#8211; Deine Eventlocation im Berliner S\u00fcden!<\/h2>\n\n\n\n<p style=\"margin-top:16px\">Die Feierwelle bietet dir den perfekten Ort f\u00fcr deine n\u00e4chste Veranstaltung. Reserviere jetzt und erlebe auf dich zugeschnitte Veranstaltungen.<\/p>\n\n\n\n<ul style=\"line-height:2\" class=\"wp-block-list has-small-font-size\">\n<li>Gro\u00dfz\u00fcgige R\u00e4umlichkeiten (bis zu 70 Personen)<\/li>\n\n\n\n<li>Vielseitige Eventangebote<\/li>\n\n\n\n<li>Hervorragender Service<\/li>\n\n\n\n<li>Moderne Ausstattung<\/li>\n\n\n\n<li>Gute Anbindung<\/li>\n\n\n\n<li>Flexible Preisgestaltung<\/li>\n<\/ul>\n\n\n\n<div class=\"wp-block-buttons is-layout-flex wp-container-core-buttons-is-layout-12dcd427 wp-block-buttons-is-layout-flex\" style=\"margin-top:var(--wp--preset--spacing--40)\">\n<div class=\"wp-block-button\"><a class=\"wp-block-button__link has-background wp-element-button\" href=\"https:\/\/feierwelle.de\/#Kontaktformular\" style=\"background-color:#177bb6\">Jetzt  unverbindlich anfragen<\/a><\/div>\n<\/div>\n<\/div>\n<\/div><figure class=\"wp-block-media-text__media\" style=\"background-image:url(https:\/\/feierwelle.de\/wp-content\/uploads\/2024\/08\/Tisch-Blick-Schwimmbecken-ohne-Schirme-hoch-klein-scaled-e1723539548393-900x1024.jpg);background-position:50% 50%\"><img loading=\"lazy\" decoding=\"async\" width=\"900\" height=\"1024\" src=\"https:\/\/feierwelle.de\/wp-content\/uploads\/2024\/08\/Tisch-Blick-Schwimmbecken-ohne-Schirme-hoch-klein-scaled-e1723539548393-900x1024.jpg\" alt=\"\" class=\"wp-image-268 size-full\" srcset=\"https:\/\/feierwelle.de\/wp-content\/uploads\/2024\/08\/Tisch-Blick-Schwimmbecken-ohne-Schirme-hoch-klein-scaled-e1723539548393-900x1024.jpg 900w, https:\/\/feierwelle.de\/wp-content\/uploads\/2024\/08\/Tisch-Blick-Schwimmbecken-ohne-Schirme-hoch-klein-scaled-e1723539548393-264x300.jpg 264w, https:\/\/feierwelle.de\/wp-content\/uploads\/2024\/08\/Tisch-Blick-Schwimmbecken-ohne-Schirme-hoch-klein-scaled-e1723539548393-768x874.jpg 768w, https:\/\/feierwelle.de\/wp-content\/uploads\/2024\/08\/Tisch-Blick-Schwimmbecken-ohne-Schirme-hoch-klein-scaled-e1723539548393-1350x1536.jpg 1350w, https:\/\/feierwelle.de\/wp-content\/uploads\/2024\/08\/Tisch-Blick-Schwimmbecken-ohne-Schirme-hoch-klein-scaled-e1723539548393.jpg 1706w\" sizes=\"(max-width: 900px) 100vw, 900px\" \/><\/figure><\/div>\n<\/div>\n","protected":false},"excerpt":{"rendered":"<p>Die Feierwelle begeistert mit erstklassigem Service und Paketen nach Ma\u00df. Tim Wilms Event Koordinator Die Feierwelle &#8211; Deine Eventlocation im Berliner S\u00fcden! Die Feierwelle bietet dir den perfekten Ort f\u00fcr [&hellip;]<\/p>\n","protected":false},"author":1,"featured_media":0,"parent":0,"menu_order":0,"comment_status":"closed","ping_status":"closed","template":"no-title","meta":{"_EventAllDay":false,"_EventTimezone":"","_EventStartDate":"","_EventEndDate":"","_EventStartDateUTC":"","_EventEndDateUTC":"","_EventShowMap":false,"_EventShowMapLink":false,"_EventURL":"","_EventCost":"","_EventCostDescription":"","_EventCurrencySymbol":"","_EventCurrencyCode":"","_EventCurrencyPosition":"","_EventDateTimeSeparator":"","_EventTimeRangeSeparator":"","_EventOrganizerID":[],"_EventVenueID":[],"_OrganizerEmail":"","_OrganizerPhone":"","_OrganizerWebsite":"","_VenueAddress":"","_VenueCity":"","_VenueCountry":"","_VenueProvince":"","_VenueState":"","_VenueZip":"","_VenuePhone":"","_VenueURL":"","_VenueStateProvince":"","_VenueLat":"","_VenueLng":"","_VenueShowMap":false,"_VenueShowMapLink":false,"footnotes":""},"class_list":["post-13","page","type-page","status-publish","hentry"],"aioseo_notices":[],"_links":{"self":[{"href":"https:\/\/feierwelle.de\/index.php?rest_route=\/wp\/v2\/pages\/13","targetHints":{"allow":["GET"]}}],"collection":[{"href":"https:\/\/feierwelle.de\/index.php?rest_route=\/wp\/v2\/pages"}],"about":[{"href":"https:\/\/feierwelle.de\/index.php?rest_route=\/wp\/v2\/types\/page"}],"author":[{"embeddable":true,"href":"https:\/\/feierwelle.de\/index.php?rest_route=\/wp\/v2\/users\/1"}],"replies":[{"embeddable":true,"href":"https:\/\/feierwelle.de\/index.php?rest_route=%2Fwp%2Fv2%2Fcomments&post=13"}],"version-history":[{"count":11,"href":"https:\/\/feierwelle.de\/index.php?rest_route=\/wp\/v2\/pages\/13\/revisions"}],"predecessor-version":[{"id":332,"href":"https:\/\/feierwelle.de\/index.php?rest_route=\/wp\/v2\/pages\/13\/revisions\/332"}],"wp:attachment":[{"href":"https:\/\/feierwelle.de\/index.php?rest_route=%2Fwp%2Fv2%2Fmedia&parent=13"}],"curies":[{"name":"wp","href":"https:\/\/api.w.org\/{rel}","templated":true}]}}