{"id":2,"date":"2024-07-11T18:50:19","date_gmt":"2024-07-11T18:50:19","guid":{"rendered":"https:\/\/feierwelle.de\/?page_id=2"},"modified":"2026-03-09T18:04:22","modified_gmt":"2026-03-09T18:04:22","slug":"sample-page","status":"publish","type":"page","link":"https:\/\/feierwelle.de\/?page_id=2","title":{"rendered":"Impressum"},"content":{"rendered":"\t\t<div data-elementor-type=\"wp-page\" data-elementor-id=\"2\" class=\"elementor elementor-2\">\n\t\t\t\t<div class=\"elementor-element elementor-element-4009e4c e-flex e-con-boxed e-con e-parent\" data-id=\"4009e4c\" data-element_type=\"container\" data-e-type=\"container\">\n\t\t\t\t\t<div class=\"e-con-inner\">\n\t\t\t\t<div class=\"elementor-element elementor-element-88689a0 elementor-widget elementor-widget-text-editor\" data-id=\"88689a0\" data-element_type=\"widget\" data-e-type=\"widget\" data-widget_type=\"text-editor.default\">\n\t\t\t\t<div class=\"elementor-widget-container\">\n\t\t\t\t\t\t\t\t\t<h2>Impressum<\/h2><p>Herausgeber<\/p><p>PRIME Service GmbH<br \/>Lipschitzallee 33<br \/>12351 Berlin<br \/>Tel.: +49 (0)157 \/ 381 86 363<br \/>E-Mail: b2b@feierwelle.de<br \/>E-Mail: reservierung@feierwelle.de<br \/>www.feierwelle.de<br \/>Gesch\u00e4ftsf\u00fchrer: Arian Makolli<br \/>Registergericht: Amtsgericht Potsdam \/ HRB 37328 P<br \/>Steuer-Nr.: 050\/116\/06646, USt-Id-Nr.: DE356728144<\/p><p>Inhaltlich Verantwortlicher gem\u00e4\u00df \u00a7 55 Abs. 2 RStV:<br \/>Oliver Peter Wilms\u00a0\u00a0<\/p><p>F\u00f6hrenweg 1,\u00a0\u00a0<\/p><p>15831 Blankenfelde-Mahlow,\u00a0\u00a0<\/p><p>Deutschland<\/p><p>Technische Informationen:<br \/>Wir weisen Sie darauf hin, dass die Vertraulichkeit im Internet nicht gew\u00e4hrleistet ist. <br \/>Jeder Benutzer ist daher allein verantwortlich, deine Daten und\/ oder Softwares vor eventuell im Internet zirkulierenden Viren angemessen zu sch\u00fctzen.<\/p><p>Hyperlinks:<br \/>Die Einrichtung eines Hyperlinks auf der Website <a href=\"about:blank\">www.feierwelle,<\/a>de unterliegt der Genehmigung des publizistischen Leiters.<br \/>Der publizistische Leiter \u00fcbernimmt keine Haftung f\u00fcr auf der Website <a href=\"http:\/\/www.feierwelle.de\">www.feierwelle.de<\/a> eingerichteten Hyperlinks zu anderen Websites.<\/p><p>Haftungsausschluss:<br \/>Die Inhalte unserer Seiten wurden mit gr\u00f6\u00dfter Sorgfalt erstellt. F\u00fcr die Richtigkeit, Vollst\u00e4ndigkeit und Aktualit\u00e4t der Inhalte k\u00f6nnen wir jedoch keine Gew\u00e4hr \u00fcbernehmen. Als Diensteanbieter sind wir gem\u00e4\u00df \u00a7 7 Abs.1 TMG f\u00fcr eigene Inhalte auf diesen Seiten nach den allgemeinen Gesetzen verantwortlich. Nach \u00a7\u00a7 8 bis 10 TMG sind wir als Diensteanbieter jedoch nicht verpflichtet, \u00fcbermittelte oder gespeicherte fremde Informationen zu \u00fcberwachen oder nach Umst\u00e4nden zu forschen, die auf eine rechtswidrige T\u00e4tigkeit hinweisen.<\/p><p>Streitschlichtung:\u00a0\u00a0<\/p><p>Die Europ\u00e4ische Kommission stellt eine Plattform zur Online-Streitbeilegung (OS) bereit: [https:\/\/ec.europa.eu\/consumers\/odr](https:\/\/ec.europa.eu\/consumers\/odr). Unsere E-Mail-Adresse finden Sie oben im Impressum.<\/p><p>Bildrechte:<br \/>Shutterstock, iStock, Pixabay, Freepic<\/p><p>Wir sind nicht bereit oder verpflichtet, an Streitbeilegungsverfahren vor einer Verbraucherschlichtungsstelle teilzunehmen.<\/p>\t\t\t\t\t\t\t\t<\/div>\n\t\t\t\t<\/div>\n\t\t\t\t\t<\/div>\n\t\t\t\t<\/div>\n\t\t\t\t<\/div>\n\t\t","protected":false},"excerpt":{"rendered":"<p>Impressum Herausgeber PRIME Service GmbHLipschitzallee 3312351 BerlinTel.: +49 (0)157 \/ 381 86 363E-Mail: b2b@feierwelle.deE-Mail: reservierung@feierwelle.dewww.feierwelle.deGesch\u00e4ftsf\u00fchrer: Arian MakolliRegistergericht: Amtsgericht Potsdam \/ HRB 37328 PSteuer-Nr.: 050\/116\/06646, USt-Id-Nr.: DE356728144 Inhaltlich Verantwortlicher gem\u00e4\u00df \u00a7 [&hellip;]<\/p>\n","protected":false},"author":1,"featured_media":0,"parent":0,"menu_order":0,"comment_status":"closed","ping_status":"open","template":"","meta":{"_EventAllDay":false,"_EventTimezone":"","_EventStartDate":"","_EventEndDate":"","_EventStartDateUTC":"","_EventEndDateUTC":"","_EventShowMap":false,"_EventShowMapLink":false,"_EventURL":"","_EventCost":"","_EventCostDescription":"","_EventCurrencySymbol":"","_EventCurrencyCode":"","_EventCurrencyPosition":"","_EventDateTimeSeparator":"","_EventTimeRangeSeparator":"","_EventOrganizerID":[],"_EventVenueID":[],"_OrganizerEmail":"","_OrganizerPhone":"","_OrganizerWebsite":"","_VenueAddress":"","_VenueCity":"","_VenueCountry":"","_VenueProvince":"","_VenueState":"","_VenueZip":"","_VenuePhone":"","_VenueURL":"","_VenueStateProvince":"","_VenueLat":"","_VenueLng":"","_VenueShowMap":false,"_VenueShowMapLink":false,"footnotes":""},"class_list":["post-2","page","type-page","status-publish","hentry"],"aioseo_notices":[],"_links":{"self":[{"href":"https:\/\/feierwelle.de\/index.php?rest_route=\/wp\/v2\/pages\/2","targetHints":{"allow":["GET"]}}],"collection":[{"href":"https:\/\/feierwelle.de\/index.php?rest_route=\/wp\/v2\/pages"}],"about":[{"href":"https:\/\/feierwelle.de\/index.php?rest_route=\/wp\/v2\/types\/page"}],"author":[{"embeddable":true,"href":"https:\/\/feierwelle.de\/index.php?rest_route=\/wp\/v2\/users\/1"}],"replies":[{"embeddable":true,"href":"https:\/\/feierwelle.de\/index.php?rest_route=%2Fwp%2Fv2%2Fcomments&post=2"}],"version-history":[{"count":12,"href":"https:\/\/feierwelle.de\/index.php?rest_route=\/wp\/v2\/pages\/2\/revisions"}],"predecessor-version":[{"id":360,"href":"https:\/\/feierwelle.de\/index.php?rest_route=\/wp\/v2\/pages\/2\/revisions\/360"}],"wp:attachment":[{"href":"https:\/\/feierwelle.de\/index.php?rest_route=%2Fwp%2Fv2%2Fmedia&parent=2"}],"curies":[{"name":"wp","href":"https:\/\/api.w.org\/{rel}","templated":true}]}}